{"id":38,"date":"2024-04-29T16:13:01","date_gmt":"2024-04-29T14:13:01","guid":{"rendered":"https:\/\/strandkorbvermietung-tiede.de\/?page_id=38"},"modified":"2024-04-29T17:24:00","modified_gmt":"2024-04-29T15:24:00","slug":"willkommen-im-sommer","status":"publish","type":"page","link":"https:\/\/strandkorbvermietung-tiede.de\/","title":{"rendered":"Willkommen im Sommer!"},"content":{"rendered":"\n<p>Herzlich willkommen in Graal-M\u00fcritz,<br>nach dem Sie Ihre Unterkunft bezogen haben, genie\u00dfen Sie doch noch einige Zeit in unseren Strandk\u00f6rben.<br>Sie finden unseren Strandkorbverleih zwischen den Strandzug\u00e4ngen 28 und 32 \u2013 unweit vom hinteren Eingang des Rhododendronpark.<br>Tauchen Sie Ihre F\u00fc\u00dfe in den weichen Ostseesand und lassen Sie die Seele baumeln\u2026 Sie haben es sich verdient!<\/p>\n\n\n\n<p>F\u00fcr Reservierungen oder Fragen wenden Sie sich bitte direkt an uns: +49(0)170-3191563 o. \u00fcber unser\u00a0<a href=\"https:\/\/strandkorbvermietung-tiede.de\/?page_id=20\" data-type=\"link\" data-id=\"https:\/\/strandkorbvermietung-tiede.de\/?page_id=20\">Kontaktformular<\/a>.<\/p>\n\n\n\n<p>Wir freuen uns auf Ihren Besuch in Graal-M\u00fcritz,<br>Ihre Strandkorbvermietung Tiede.<\/p>\n","protected":false},"excerpt":{"rendered":"<p>Herzlich willkommen in Graal-M\u00fcritz,nach dem Sie Ihre Unterkunft bezogen haben, genie\u00dfen Sie doch noch einige Zeit in unseren Strandk\u00f6rben.Sie finden unseren Strandkorbverleih zwischen den Strandzug\u00e4ngen 28 und 32 \u2013 unweit vom hinteren Eingang des Rhododendronpark.Tauchen Sie Ihre F\u00fc\u00dfe in den weichen Ostseesand und lassen Sie die Seele baumeln\u2026 Sie haben es sich verdient! F\u00fcr Reservierungen &hellip; <a href=\"https:\/\/strandkorbvermietung-tiede.de\/\" class=\"more-link\"><span class=\"screen-reader-text\">\u201eWillkommen im Sommer!\u201c<\/span> weiterlesen<\/a><\/p>\n","protected":false},"author":1,"featured_media":0,"parent":0,"menu_order":0,"comment_status":"closed","ping_status":"closed","template":"","meta":{"footnotes":""},"_links":{"self":[{"href":"https:\/\/strandkorbvermietung-tiede.de\/index.php?rest_route=\/wp\/v2\/pages\/38"}],"collection":[{"href":"https:\/\/strandkorbvermietung-tiede.de\/index.php?rest_route=\/wp\/v2\/pages"}],"about":[{"href":"https:\/\/strandkorbvermietung-tiede.de\/index.php?rest_route=\/wp\/v2\/types\/page"}],"author":[{"embeddable":true,"href":"https:\/\/strandkorbvermietung-tiede.de\/index.php?rest_route=\/wp\/v2\/users\/1"}],"replies":[{"embeddable":true,"href":"https:\/\/strandkorbvermietung-tiede.de\/index.php?rest_route=%2Fwp%2Fv2%2Fcomments&post=38"}],"version-history":[{"count":2,"href":"https:\/\/strandkorbvermietung-tiede.de\/index.php?rest_route=\/wp\/v2\/pages\/38\/revisions"}],"predecessor-version":[{"id":61,"href":"https:\/\/strandkorbvermietung-tiede.de\/index.php?rest_route=\/wp\/v2\/pages\/38\/revisions\/61"}],"wp:attachment":[{"href":"https:\/\/strandkorbvermietung-tiede.de\/index.php?rest_route=%2Fwp%2Fv2%2Fmedia&parent=38"}],"curies":[{"name":"wp","href":"https:\/\/api.w.org\/{rel}","templated":true}]}}